{"id":77,"date":"2020-02-19T12:55:33","date_gmt":"2020-02-19T11:55:33","guid":{"rendered":"http:\/\/www.psychotherapie-neuholdfuchs.at\/?page_id=77"},"modified":"2025-10-23T17:20:51","modified_gmt":"2025-10-23T15:20:51","slug":"angebot","status":"publish","type":"page","link":"https:\/\/www.psychotherapie-neuholdfuchs.at\/?page_id=77","title":{"rendered":"Angebot"},"content":{"rendered":"<div class=\"wp-block-image\">\n<figure class=\"alignright size-large\"><img loading=\"lazy\" decoding=\"async\" width=\"237\" height=\"138\" src=\"http:\/\/www.psychotherapie-neuholdfuchs.at\/wp-content\/uploads\/2020\/01\/Steine-in-d-Ruhe-liegt-die-Kraft-1.jpg\" alt=\"\" class=\"wp-image-45\"\/><\/figure>\n<\/div>\n\n\n<p><strong>Arbeitsbereiche<\/strong><\/p>\n\n\n\n<ul class=\"wp-block-list\">\n<li>Depressionen<\/li>\n\n\n\n<li>Burnout<\/li>\n\n\n\n<li>Psychiatrische Erkrankungen<br><\/li>\n\n\n\n<li>Panikattacken<\/li>\n\n\n\n<li>Angstst\u00f6rungen<\/li>\n\n\n\n<li>Konflikte und Krisen in der Familie<\/li>\n\n\n\n<li>Erziehungsfragen<\/li>\n\n\n\n<li>Paar- und Ehekonflikte<\/li>\n\n\n\n<li>Abh\u00e4ngigkeitserkrankungen<\/li>\n\n\n\n<li>Angeh\u00f6rigenarbeit<\/li>\n\n\n\n<li>Ich biete Fall- und Teamsupervisionen f\u00fcr Mitarbeiter\/Innen aus dem Gesundheitswesen und psychosozialen Berufsfeld an.<\/li>\n<\/ul>\n\n\n\n<p>Ich arbeite mit Einzelpersonen (Erwachsenen &amp; Jugendlichen), Paaren und Familien, Gruppen, F\u00fchrungskr\u00e4ften.<\/p>\n\n\n\n<p>Ich informiere Sie gerne \u00fcber meine Arbeitsweise und Rahmenbedingung, \u00fcber die Frequenz der Sitzung, Kosten und meine therapeutische Verschwiegenheitspflicht.<\/p>\n\n\n\n<p><strong>Psychotherapeutisches Erstgespr\u00e4ch f\u00fcr Erwachsene, Jugendliche ab 9 Jahren<br><\/strong>Eine Einheit (50 min) \u00e0 120,00 EUR<\/p>\n\n\n\n<p><strong>Einzeltherapie f\u00fcr Erwachsene und Jugendliche ab 9 Jahren<br><\/strong>Preis pro Einheit (50 min) \u00e0 120,00 EUR<\/p>\n\n\n\n<p><strong>Paartherapie und Familientherapie<\/strong><br>100 min \u00e0 200 EUR oder 75 min \u00e0 150 EUR<\/p>\n\n\n\n<p><strong>Pferdegest\u00fctztes Coaching nach Anfrage<\/strong><\/p>\n\n\n\n<p>Die Angaben entsprechen der reinen \u201eTherapiezeit\u201c, dh jene Zeit, die f\u00fcr ein therapeutisches Gespr\u00e4ch f\u00fcr Sie reserviert ist. Bei einer Einheit von 50 min rechnen Sie allerdings bitte dennoch 60 min ein zB f\u00fcr eine kleine Aufw\u00e4rmphase, kurze Wartezeit oder ein Getr\u00e4nk usw.<\/p>\n\n\n\n<p><strong>Supervision &amp; Coaching<\/strong>Preis pro Einheit (50min) 120,\u20ac f\u00fcr Privatzahler<br>Preis pro Einheit (50min) 150\u20ac f\u00fcr Institutionen, Vereine und Firmen<\/p>\n\n\n\n<p>Ich bitte Sie das Honorar am Ende der Stunde onlineBanking einzuzahlen. Sie erhalten  sofort eine Honorarnote bzw. einen Erlagschein. Diese Honorarnote k\u00f6nnen sie mit dem Einzahlungsbeleg bei der Krankenkasse, falls Sie eine Teilrefundierung in Anspruch nehmen wollen, einreichen.<\/p>\n","protected":false},"excerpt":{"rendered":"<p>Arbeitsbereiche Ich arbeite mit Einzelpersonen (Erwachsenen &amp; Jugendlichen), Paaren und Familien, Gruppen, F\u00fchrungskr\u00e4ften. Ich informiere Sie gerne \u00fcber meine Arbeitsweise und Rahmenbedingung, \u00fcber die Frequenz der Sitzung, Kosten und meine therapeutische Verschwiegenheitspflicht. Psychotherapeutisches Erstgespr\u00e4ch f\u00fcr Erwachsene, Jugendliche ab 9 JahrenEine &hellip; <a href=\"https:\/\/www.psychotherapie-neuholdfuchs.at\/?page_id=77\">Weiterlesen <span class=\"meta-nav\">&rarr;<\/span><\/a><\/p>\n","protected":false},"author":1,"featured_media":0,"parent":0,"menu_order":0,"comment_status":"closed","ping_status":"closed","template":"","meta":{"footnotes":""},"class_list":["post-77","page","type-page","status-publish","hentry"],"_links":{"self":[{"href":"https:\/\/www.psychotherapie-neuholdfuchs.at\/index.php?rest_route=\/wp\/v2\/pages\/77","targetHints":{"allow":["GET"]}}],"collection":[{"href":"https:\/\/www.psychotherapie-neuholdfuchs.at\/index.php?rest_route=\/wp\/v2\/pages"}],"about":[{"href":"https:\/\/www.psychotherapie-neuholdfuchs.at\/index.php?rest_route=\/wp\/v2\/types\/page"}],"author":[{"embeddable":true,"href":"https:\/\/www.psychotherapie-neuholdfuchs.at\/index.php?rest_route=\/wp\/v2\/users\/1"}],"replies":[{"embeddable":true,"href":"https:\/\/www.psychotherapie-neuholdfuchs.at\/index.php?rest_route=%2Fwp%2Fv2%2Fcomments&post=77"}],"version-history":[{"count":18,"href":"https:\/\/www.psychotherapie-neuholdfuchs.at\/index.php?rest_route=\/wp\/v2\/pages\/77\/revisions"}],"predecessor-version":[{"id":279,"href":"https:\/\/www.psychotherapie-neuholdfuchs.at\/index.php?rest_route=\/wp\/v2\/pages\/77\/revisions\/279"}],"wp:attachment":[{"href":"https:\/\/www.psychotherapie-neuholdfuchs.at\/index.php?rest_route=%2Fwp%2Fv2%2Fmedia&parent=77"}],"curies":[{"name":"wp","href":"https:\/\/api.w.org\/{rel}","templated":true}]}}