{"id":65,"date":"2023-04-08T12:45:11","date_gmt":"2023-04-08T10:45:11","guid":{"rendered":"http:\/\/www.psychotherapie-neuholdfuchs.at\/?page_id=65"},"modified":"2023-04-08T13:47:20","modified_gmt":"2023-04-08T11:47:20","slug":"ueber-mich","status":"publish","type":"page","link":"https:\/\/www.psychotherapie-neuholdfuchs.at\/?page_id=65","title":{"rendered":"Pferdegest\u00fctztes Coaching &#038; Training"},"content":{"rendered":"\n<div class=\"wp-block-group\"><div class=\"wp-block-group__inner-container is-layout-constrained wp-block-group-is-layout-constrained\">\n<figure class=\"wp-block-gallery alignright has-nested-images columns-default is-cropped wp-block-gallery-1 is-layout-flex wp-block-gallery-is-layout-flex\"><div class=\"wp-block-image\">\n<figure class=\"alignright size-large\"><a href=\"http:\/\/www.psychotherapie-neuholdfuchs.at\/?attachment_id=202\"><img loading=\"lazy\" decoding=\"async\" width=\"573\" height=\"402\" data-id=\"202\" src=\"http:\/\/www.psychotherapie-neuholdfuchs.at\/wp-content\/uploads\/2020\/02\/SmokelanBild.jpg\" alt=\"\" class=\"wp-image-202\" srcset=\"https:\/\/www.psychotherapie-neuholdfuchs.at\/wp-content\/uploads\/2020\/02\/SmokelanBild.jpg 573w, https:\/\/www.psychotherapie-neuholdfuchs.at\/wp-content\/uploads\/2020\/02\/SmokelanBild-300x210.jpg 300w, https:\/\/www.psychotherapie-neuholdfuchs.at\/wp-content\/uploads\/2020\/02\/SmokelanBild-428x300.jpg 428w\" sizes=\"auto, (max-width: 573px) 100vw, 573px\" \/><\/a><\/figure>\n<\/div><\/figure>\n<\/div><\/div>\n\n\n\n<p>Coaching ist ein <strong>l\u00f6sungsorientierter<\/strong>, <strong>ressourcenorientierter<\/strong> Prozess, der Menschen dabei unterst\u00fctzt, <strong>neue Sichweisen<\/strong> und <strong>Perspektiven<\/strong> zu entwickeln, um<strong> neue Handlungsm\u00f6glichkeiten<\/strong> zu erhalten. Dies geschieht durch Fragen und Impulse.<\/p>\n\n\n\n<p>Pferdegest\u00fctztes Coaching ist ein vom Coach angeleiteter Prozess. Durch unterschiedliche Aufgabenstellungen, Interventionen und Impulse mit dem Pferd kommt es oftmals zu neuen Erkenntnissen durch Reflexion. (Selbstreflexion).<\/p>\n\n\n\n<div class=\"wp-block-columns are-vertically-aligned-top is-layout-flex wp-container-core-columns-is-layout-9d6595d7 wp-block-columns-is-layout-flex\">\n<div class=\"wp-block-column is-vertically-aligned-top is-layout-flow wp-block-column-is-layout-flow\" style=\"flex-basis:100%\"><div class=\"wp-block-image\">\n<figure class=\"alignright size-large is-resized\"><img loading=\"lazy\" decoding=\"async\" src=\"http:\/\/www.psychotherapie-neuholdfuchs.at\/wp-content\/uploads\/2023\/04\/DDWG93631-768x1024.jpg\" alt=\"\" class=\"wp-image-232\" width=\"159\" height=\"219\"\/><\/figure>\n<\/div>\n\n\n<p class=\"has-text-align-right\">Beim Pferdegest\u00fctzten Coaching unterst\u00fctzt das Pferd den Klienten im Prozess. Dies geschieht vom Boden aus, es wird nicht geritten. Pferde spiegeln die K\u00f6rpersprache, Mimik, Atmung und Energie des Menschen.<\/p>\n\n\n\n<p><strong>Ziele<\/strong> beim Coaching sind die Aktivierung von Ressourcen sowie die Unterst\u00fctzung zu Entwicklungs- und Ver\u00e4nderungsprozessen, um Probleme und Krisen zu \u00fcberwinden.<\/p>\n<\/div>\n<\/div>\n\n\n\n<p class=\"has-text-align-left\"><\/p>\n\n\n<div class=\"wp-block-image\">\n<figure class=\"alignright size-large is-resized\"><img loading=\"lazy\" decoding=\"async\" src=\"http:\/\/www.psychotherapie-neuholdfuchs.at\/wp-content\/uploads\/2023\/04\/IMG_60861-1024x768.jpg\" alt=\"\" class=\"wp-image-237\" width=\"165\" height=\"124\" srcset=\"https:\/\/www.psychotherapie-neuholdfuchs.at\/wp-content\/uploads\/2023\/04\/IMG_60861-1024x768.jpg 1024w, https:\/\/www.psychotherapie-neuholdfuchs.at\/wp-content\/uploads\/2023\/04\/IMG_60861-300x225.jpg 300w, https:\/\/www.psychotherapie-neuholdfuchs.at\/wp-content\/uploads\/2023\/04\/IMG_60861-768x576.jpg 768w, https:\/\/www.psychotherapie-neuholdfuchs.at\/wp-content\/uploads\/2023\/04\/IMG_60861-1536x1152.jpg 1536w, https:\/\/www.psychotherapie-neuholdfuchs.at\/wp-content\/uploads\/2023\/04\/IMG_60861-2048x1536.jpg 2048w, https:\/\/www.psychotherapie-neuholdfuchs.at\/wp-content\/uploads\/2023\/04\/IMG_60861-400x300.jpg 400w\" sizes=\"auto, (max-width: 165px) 100vw, 165px\" \/><\/figure>\n<\/div>\n\n<div class=\"wp-block-image\">\n<figure class=\"alignleft size-large is-resized\"><img loading=\"lazy\" decoding=\"async\" src=\"http:\/\/www.psychotherapie-neuholdfuchs.at\/wp-content\/uploads\/2023\/04\/LATT66221-1024x768.jpg\" alt=\"\" class=\"wp-image-233\" width=\"169\" height=\"129\"\/><\/figure>\n<\/div>\n\n<div class=\"wp-block-image\">\n<figure class=\"aligncenter size-large is-resized\"><img loading=\"lazy\" decoding=\"async\" src=\"http:\/\/www.psychotherapie-neuholdfuchs.at\/wp-content\/uploads\/2023\/04\/IMG_59211-1024x768.jpg\" alt=\"\" class=\"wp-image-236\" width=\"202\" height=\"155\"\/><\/figure>\n<\/div>\n\n\n<p><strong>Themen im pferdegest\u00fctzen Coaching k\u00f6nnen sein:<\/strong>                      <\/p>\n\n\n\n<ul class=\"wp-block-list\">\n<li>das F\u00fchren <\/li>\n\n\n\n<li>Grenzen setzen &#8211; Raum f\u00fcr sich entwickeln<\/li>\n\n\n\n<li>Ziele erreichen<\/li>\n\n\n\n<li>Entscheidungen                                                                             <\/li>\n\n\n\n<li>Ruhe, Gelassenheit, Zuversicht<\/li>\n\n\n\n<li>\u00c4ngste abbauen<\/li>\n\n\n\n<li>Achtsamkeit<\/li>\n\n\n\n<li>Beziehungen verbessern<\/li>\n<\/ul>\n\n\n\n<p>Pferdegest\u00fctztes Coaching wird als Einzelcoaching, als Gruppencoaching und als Teamcoaching angeboten.<\/p>\n\n\n\n<p>Sollte ich Ihr Interesse geweckt haben, stelle ich Ihnen gerne Einzel-, Gruppen-, Teampakete,  Workshops zusammen.<\/p>\n\n\n<div class=\"wp-block-image\">\n<figure class=\"alignleft size-large is-resized\"><img loading=\"lazy\" decoding=\"async\" src=\"http:\/\/www.psychotherapie-neuholdfuchs.at\/wp-content\/uploads\/2023\/04\/MikeOh-146-1024x731.jpg\" alt=\"\" class=\"wp-image-243\" width=\"345\" height=\"246\" srcset=\"https:\/\/www.psychotherapie-neuholdfuchs.at\/wp-content\/uploads\/2023\/04\/MikeOh-146-1024x731.jpg 1024w, https:\/\/www.psychotherapie-neuholdfuchs.at\/wp-content\/uploads\/2023\/04\/MikeOh-146-300x214.jpg 300w, https:\/\/www.psychotherapie-neuholdfuchs.at\/wp-content\/uploads\/2023\/04\/MikeOh-146-768x549.jpg 768w, https:\/\/www.psychotherapie-neuholdfuchs.at\/wp-content\/uploads\/2023\/04\/MikeOh-146-1536x1097.jpg 1536w, https:\/\/www.psychotherapie-neuholdfuchs.at\/wp-content\/uploads\/2023\/04\/MikeOh-146-2048x1463.jpg 2048w, https:\/\/www.psychotherapie-neuholdfuchs.at\/wp-content\/uploads\/2023\/04\/MikeOh-146-420x300.jpg 420w\" sizes=\"auto, (max-width: 345px) 100vw, 345px\" \/><\/figure>\n<\/div>\n\n\n<figure class=\"wp-block-image size-large\"><img loading=\"lazy\" decoding=\"async\" width=\"768\" height=\"1024\" src=\"http:\/\/www.psychotherapie-neuholdfuchs.at\/wp-content\/uploads\/2023\/04\/ClaudiaEsel-768x1024.jpg\" alt=\"\" class=\"wp-image-257\" srcset=\"https:\/\/www.psychotherapie-neuholdfuchs.at\/wp-content\/uploads\/2023\/04\/ClaudiaEsel-768x1024.jpg 768w, https:\/\/www.psychotherapie-neuholdfuchs.at\/wp-content\/uploads\/2023\/04\/ClaudiaEsel-225x300.jpg 225w, https:\/\/www.psychotherapie-neuholdfuchs.at\/wp-content\/uploads\/2023\/04\/ClaudiaEsel-1152x1536.jpg 1152w, https:\/\/www.psychotherapie-neuholdfuchs.at\/wp-content\/uploads\/2023\/04\/ClaudiaEsel-1536x2048.jpg 1536w, https:\/\/www.psychotherapie-neuholdfuchs.at\/wp-content\/uploads\/2023\/04\/ClaudiaEsel-scaled.jpg 1920w\" sizes=\"auto, (max-width: 768px) 100vw, 768px\" \/><\/figure>\n\n\n\n<h3 class=\"wp-block-heading\"><\/h3>\n\n\n\n<p><\/p>\n","protected":false},"excerpt":{"rendered":"<p>Coaching ist ein l\u00f6sungsorientierter, ressourcenorientierter Prozess, der Menschen dabei unterst\u00fctzt, neue Sichweisen und Perspektiven zu entwickeln, um neue Handlungsm\u00f6glichkeiten zu erhalten. Dies geschieht durch Fragen und Impulse. Pferdegest\u00fctztes Coaching ist ein vom Coach angeleiteter Prozess. Durch unterschiedliche Aufgabenstellungen, Interventionen und &hellip; <a href=\"https:\/\/www.psychotherapie-neuholdfuchs.at\/?page_id=65\">Weiterlesen <span class=\"meta-nav\">&rarr;<\/span><\/a><\/p>\n","protected":false},"author":1,"featured_media":257,"parent":0,"menu_order":0,"comment_status":"closed","ping_status":"closed","template":"","meta":{"footnotes":""},"class_list":["post-65","page","type-page","status-publish","has-post-thumbnail","hentry"],"_links":{"self":[{"href":"https:\/\/www.psychotherapie-neuholdfuchs.at\/index.php?rest_route=\/wp\/v2\/pages\/65","targetHints":{"allow":["GET"]}}],"collection":[{"href":"https:\/\/www.psychotherapie-neuholdfuchs.at\/index.php?rest_route=\/wp\/v2\/pages"}],"about":[{"href":"https:\/\/www.psychotherapie-neuholdfuchs.at\/index.php?rest_route=\/wp\/v2\/types\/page"}],"author":[{"embeddable":true,"href":"https:\/\/www.psychotherapie-neuholdfuchs.at\/index.php?rest_route=\/wp\/v2\/users\/1"}],"replies":[{"embeddable":true,"href":"https:\/\/www.psychotherapie-neuholdfuchs.at\/index.php?rest_route=%2Fwp%2Fv2%2Fcomments&post=65"}],"version-history":[{"count":27,"href":"https:\/\/www.psychotherapie-neuholdfuchs.at\/index.php?rest_route=\/wp\/v2\/pages\/65\/revisions"}],"predecessor-version":[{"id":272,"href":"https:\/\/www.psychotherapie-neuholdfuchs.at\/index.php?rest_route=\/wp\/v2\/pages\/65\/revisions\/272"}],"wp:featuredmedia":[{"embeddable":true,"href":"https:\/\/www.psychotherapie-neuholdfuchs.at\/index.php?rest_route=\/wp\/v2\/media\/257"}],"wp:attachment":[{"href":"https:\/\/www.psychotherapie-neuholdfuchs.at\/index.php?rest_route=%2Fwp%2Fv2%2Fmedia&parent=65"}],"curies":[{"name":"wp","href":"https:\/\/api.w.org\/{rel}","templated":true}]}}