{"id":2,"date":"2020-01-27T17:52:38","date_gmt":"2020-01-27T16:52:38","guid":{"rendered":"http:\/\/www.psychotherapie-neuholdfuchs.at\/"},"modified":"2023-04-08T13:45:31","modified_gmt":"2023-04-08T11:45:31","slug":"beispiel-seite","status":"publish","type":"page","link":"https:\/\/www.psychotherapie-neuholdfuchs.at\/","title":{"rendered":"Systemische Familientherapie, hypnosystemische Therapie und Beratung"},"content":{"rendered":"<div class=\"wp-block-image\">\n<figure class=\"alignright size-large is-resized\"><img loading=\"lazy\" decoding=\"async\" src=\"http:\/\/www.psychotherapie-neuholdfuchs.at\/wp-content\/uploads\/2020\/02\/claudia-Bild-10.jpg\" alt=\"\" class=\"wp-image-121\" width=\"152\" height=\"124\"\/><\/figure>\n<\/div>\n\n<p><!--StartFragment--><\/p>\n\n\n<p><strong>Als Psychotherapeutin ist es mir wichtig, Verbindungen, Kontakte herzustellen und diese aufrecht zu halten. Zum einen meine ich damit Verbindung\/Kontakt zu sich selbst zu schaffen, zu Inhalten oder Themen, die schwierig sind oder zu anderen Menschen.<\/strong><\/p>\n\n\n\n<p>Ich habe lange Jahre als&nbsp;<strong>psychiatrische Gesundheits- und Krankenschwester<\/strong>, zuletzt&nbsp;<strong>Stationsleitung\/Psychotherapeutin<\/strong>&nbsp;gearbeitet und in meiner Arbeit war mir schon immer wichtig ein&nbsp;<strong>Bindeglied<\/strong>&nbsp;zu sein.<\/p>\n\n\n\n<p><strong>Verbindung<\/strong>&nbsp;zwischen&nbsp;<strong>Medizin \u2013 &nbsp;Pflege<\/strong>, oder anderen&nbsp;<strong>Dialoggruppen<\/strong>&nbsp;und&nbsp;<strong>Patienten\/Klienten<\/strong>&nbsp;zu erm\u00f6glichen.<\/p>\n\n\n\n<p>Vor allem die<strong>&nbsp;Arbeit am Klienten<\/strong>&nbsp;und aber auch die&nbsp;intensive&nbsp;<strong>Angeh\u00f6rigenarbeit<\/strong>&nbsp;haben mich dann dazu bewegt mich im Bereich der Gespr\u00e4chstechnik weiter zu vertiefen.<\/p>\n\n\n\n<p>Seit nunmehr 2006 \u2013 Beginn psychotherapeutisches Prop\u00e4deutikum, dann ab 2010&nbsp;<strong>Psychotherapeutisches Fachspezifikum im Bereich Systemische Familientherapie<\/strong>&nbsp;\u2013 bin ich fasziniert von der Idee mit Worten Menschen weiterzuhelfen.<\/p>\n\n\n\n<p>Manchmal ist es aber auch<strong>&nbsp;meine Ruhe<\/strong>, das<strong>&nbsp;\u201eDa-Sein\u201c<\/strong>&nbsp;und<strong>&nbsp;kompetente Begleiten<\/strong>, dann aber auch wiederum&nbsp;<strong>meine Strukturiertheit<\/strong>&nbsp;und<strong>&nbsp;Klarheit<\/strong>, die&nbsp;<strong>Entwicklungsr\u00e4ume<\/strong>&nbsp;f\u00fcr andere&nbsp;<strong>Menschen er\u00f6ffnet<\/strong>.<\/p>\n\n\n\n<p>In meiner Funktion als psychiatrische Gesundheits- und Krankenschwester (Stationsleitung)\/Psychotherapeutin konnte ich Menschen in Ausnahmesituationen begleiten, die f\u00fcr alle Beteiligten oft sehr schwer waren.<\/p>\n\n\n\n<p>Ich habe&nbsp; versucht&nbsp;<strong>der ruhende Pol zu sein<\/strong>&nbsp;und&nbsp;<strong>Krisen kompetent<\/strong>, aber mit<strong>&nbsp;viel Herz<\/strong>&nbsp;und&nbsp;<strong>Verstand<\/strong>&nbsp;zu meistern. Wichtig war mir immer die&nbsp;<strong>\u00dcbersicht zu bekommen<\/strong>&nbsp;und&nbsp;<strong>extreme Akutsituationen<\/strong>, die schier aussichtslos zu sein scheinen<strong>&nbsp;in eine \u201eNormalit\u00e4t\u201c<\/strong>&nbsp;oder&nbsp;<strong>ein \u201eSich-Bessern\u201c<\/strong>&nbsp;\u00fcberzuf\u00fchren und sukzessive daran zu arbeiten, dass&nbsp;<strong>die Menschen wieder Fu\u00df im Alltag fassen k\u00f6nnen.<\/strong><\/p>\n\n\n\n<h3 class=\"wp-block-heading\">Meine therapeutische Haltung<\/h3>\n\n\n\n<p>Als  systemische Familientherapeutin gehe ich von der Autonomie der Rat- und  Hilfesuchenden aus, insofern sehe ich Menschen, die zu mir kommen, als  \u201eExpertinnen und Experten ihrer selbst\u201c. Als professionelle  Au\u00dfenseiterin Ihres famili\u00e4ren Umfeldes gestalte ich das  psychotherapeutische Gespr\u00e4ch neutral und unvoreingenommen mit Respekt  und h\u00f6chster Wertsch\u00e4tzung f\u00fcr das \u201eSogewordensein\u201c von Menschen und  ihren Lebensgeschichten. Als Expertin f\u00fcr Ver\u00e4nderungsprozesse darf ich  aber auch liebevoll aufr\u00fctteln und neue Ideen und Perspektiven  einbringen. Dies kann in Gespr\u00e4chen oder mittels anderer  Interventionsmethoden unter anderem das Systembrett, Timeline-Arbeit  oder hypnosystemische \u00dcbungen geschehen. Aus einer systemischen  Sichtweise gehe ich von der Annahme aus, dass meinen KlientInnen \u201enichts  fehlt\u201c, dass sie schon \u00fcber alle notwendigen Ressourcen verf\u00fcgen um  ihre Probleme zu l\u00f6sen, allerdings momentan nicht den notwendigen Zugang  dazu haben. Auch das ist Teil unseres therapeutischen Auftrages,  &nbsp;wieder Zugang zu versch\u00fctteten Kr\u00e4ften und L\u00f6sungsm\u00f6glichkeiten zu  finden.<\/p>\n\n\n<p><!--EndFragment--><\/p>\n\n\n<p><\/p>\n","protected":false},"excerpt":{"rendered":"<p>Als Psychotherapeutin ist es mir wichtig, Verbindungen, Kontakte herzustellen und diese aufrecht zu halten. Zum einen meine ich damit Verbindung\/Kontakt zu sich selbst zu schaffen, zu Inhalten oder Themen, die schwierig sind oder zu anderen Menschen. Ich habe lange Jahre &hellip; <a href=\"https:\/\/www.psychotherapie-neuholdfuchs.at\/\">Weiterlesen <span class=\"meta-nav\">&rarr;<\/span><\/a><\/p>\n","protected":false},"author":1,"featured_media":0,"parent":0,"menu_order":0,"comment_status":"closed","ping_status":"open","template":"","meta":{"footnotes":""},"class_list":["post-2","page","type-page","status-publish","hentry"],"_links":{"self":[{"href":"https:\/\/www.psychotherapie-neuholdfuchs.at\/index.php?rest_route=\/wp\/v2\/pages\/2","targetHints":{"allow":["GET"]}}],"collection":[{"href":"https:\/\/www.psychotherapie-neuholdfuchs.at\/index.php?rest_route=\/wp\/v2\/pages"}],"about":[{"href":"https:\/\/www.psychotherapie-neuholdfuchs.at\/index.php?rest_route=\/wp\/v2\/types\/page"}],"author":[{"embeddable":true,"href":"https:\/\/www.psychotherapie-neuholdfuchs.at\/index.php?rest_route=\/wp\/v2\/users\/1"}],"replies":[{"embeddable":true,"href":"https:\/\/www.psychotherapie-neuholdfuchs.at\/index.php?rest_route=%2Fwp%2Fv2%2Fcomments&post=2"}],"version-history":[{"count":13,"href":"https:\/\/www.psychotherapie-neuholdfuchs.at\/index.php?rest_route=\/wp\/v2\/pages\/2\/revisions"}],"predecessor-version":[{"id":271,"href":"https:\/\/www.psychotherapie-neuholdfuchs.at\/index.php?rest_route=\/wp\/v2\/pages\/2\/revisions\/271"}],"wp:attachment":[{"href":"https:\/\/www.psychotherapie-neuholdfuchs.at\/index.php?rest_route=%2Fwp%2Fv2%2Fmedia&parent=2"}],"curies":[{"name":"wp","href":"https:\/\/api.w.org\/{rel}","templated":true}]}}